{"id":2839,"date":"2022-07-13T12:58:28","date_gmt":"2022-07-13T10:58:28","guid":{"rendered":"https:\/\/artgalerie-tc.com\/?post_type=product&#038;p=2839"},"modified":"2025-10-10T22:29:58","modified_gmt":"2025-10-10T20:29:58","slug":"lava-12","status":"publish","type":"product","link":"https:\/\/artgalerie-tc.com\/en\/product\/lava-12\/","title":{"rendered":"LAVA"},"content":{"rendered":"","protected":false},"excerpt":{"rendered":"<p><strong>Titel: LAVA no.12<\/strong><br \/>\nEdition: 2022<\/p>\n<p>Material: Acryl, Texturpaste auf Leinwand, Holz<br \/>\nGr\u00f6\u00dfe: 50 x 50 cm<br \/>\nsigniert auf der R\u00fcckseite<br \/>\nEin Rahmen ist im Angebot integriert &#8211; Schattenfugenrahmen in schwarz.<br \/>\n*Die Farben k\u00f6nnen etwas von der Realit\u00e4t abweichen, da jeder Bildschirm die Farben anders darstellt.<\/p>\n<p><strong>Details<\/strong><br \/>\nHochwertiges Gem\u00e4lde auf Leinwand.<br \/>\nProfessionell auf Holzrahmen aufgezogen.<br \/>\nMit direkter, r\u00fcckseitiger M\u00f6glichkeit zur Wandaufh\u00e4ngung.<br \/>\nLieferung ohne Befestigungsmaterial.<br \/>\nDieses Produkt ist ein Einzelst\u00fcck.<\/p>\n<p><strong>Zur Edition:<\/strong><\/p>\n<p><em>Was hat den K\u00fcnstler inspiriert?<\/em><br \/>\n<em>Die Edition verk\u00f6rpert geheimnisvolle St\u00e4rke und Eleganz und zieht jeden Blick magisch an!<\/em><br \/>\n<em>Die Werke erscheinen gleicherma\u00dfen klar und mysteri\u00f6s\u2026<\/em><\/p>\n","protected":false},"featured_media":2843,"template":"","meta":[],"product_brand":[],"product_cat":[23],"product_tag":[],"class_list":{"0":"post-2839","1":"product","2":"type-product","3":"status-publish","4":"has-post-thumbnail","6":"product_cat-lava","8":"first","9":"instock","10":"sold-individually","11":"taxable","12":"shipping-taxable","13":"purchasable","14":"product-type-simple"},"jetpack_sharing_enabled":true,"_links":{"self":[{"href":"https:\/\/artgalerie-tc.com\/en\/wp-json\/wp\/v2\/product\/2839","targetHints":{"allow":["GET"]}}],"collection":[{"href":"https:\/\/artgalerie-tc.com\/en\/wp-json\/wp\/v2\/product"}],"about":[{"href":"https:\/\/artgalerie-tc.com\/en\/wp-json\/wp\/v2\/types\/product"}],"wp:featuredmedia":[{"embeddable":true,"href":"https:\/\/artgalerie-tc.com\/en\/wp-json\/wp\/v2\/media\/2843"}],"wp:attachment":[{"href":"https:\/\/artgalerie-tc.com\/en\/wp-json\/wp\/v2\/media?parent=2839"}],"wp:term":[{"taxonomy":"product_brand","embeddable":true,"href":"https:\/\/artgalerie-tc.com\/en\/wp-json\/wp\/v2\/product_brand?post=2839"},{"taxonomy":"product_cat","embeddable":true,"href":"https:\/\/artgalerie-tc.com\/en\/wp-json\/wp\/v2\/product_cat?post=2839"},{"taxonomy":"product_tag","embeddable":true,"href":"https:\/\/artgalerie-tc.com\/en\/wp-json\/wp\/v2\/product_tag?post=2839"}],"curies":[{"name":"wp","href":"https:\/\/api.w.org\/{rel}","templated":true}]}}