{"id":3175,"date":"2022-09-22T19:55:37","date_gmt":"2022-09-22T17:55:37","guid":{"rendered":"https:\/\/artgalerie-tc.com\/?post_type=product&#038;p=3175"},"modified":"2025-08-09T11:44:04","modified_gmt":"2025-08-09T09:44:04","slug":"golden-pharao","status":"publish","type":"product","link":"https:\/\/artgalerie-tc.com\/en\/product\/golden-pharao\/","title":{"rendered":"GOLDEN PHARAO"},"content":{"rendered":"","protected":false},"excerpt":{"rendered":"<p><strong>Titel: GOLDEN PHARAO no.1<\/strong><br \/>\nEdition: 2022<\/p>\n<p>Material: Acryl auf Leinwand, Holz<br \/>\nGr\u00f6\u00dfe: 120 x 160cm<br \/>\nsigniert auf der R\u00fcckseite<br \/>\nEin Rahmen ist im Angebot integriert &#8211; Schattenfugenrahmen in Gold-Optik.<br \/>\n*Die Farben k\u00f6nnen etwas von der Realit\u00e4t abweichen, da jeder Bildschirm die Farben anders darstellt.<\/p>\n<p><strong>Details<\/strong><br \/>\nHochwertiges Gem\u00e4lde auf Leinwand.<br \/>\nProfessionell auf Holzrahmen aufgezogen.<br \/>\nMit direkter, r\u00fcckseitiger M\u00f6glichkeit zur Wandaufh\u00e4ngung.<br \/>\nLieferung ohne Befestigungsmaterial.<br \/>\nDieses Produkt ist ein Einzelst\u00fcck.<\/p>\n<p><strong>Zur Edition:<\/strong><\/p>\n<p><em>Was hat den K\u00fcnstler inspiriert?<\/em><br \/>\n<em>Der Pharao stand zwischen den Menschen und den G\u00f6ttern \u2013 Diese Edition soll Macht, Reichtum und Sch\u00f6nheit verk\u00f6rpern. Die Farbe Gold ist das zentrale Farbelement\u2026<\/em><\/p>\n","protected":false},"featured_media":8107,"template":"","meta":[],"product_brand":[],"product_cat":[15],"product_tag":[],"class_list":{"0":"post-3175","1":"product","2":"type-product","3":"status-publish","4":"has-post-thumbnail","6":"product_cat-weiterewerke","8":"first","9":"instock","10":"sale","11":"sold-individually","12":"taxable","13":"shipping-taxable","14":"purchasable","15":"product-type-simple"},"jetpack_sharing_enabled":true,"_links":{"self":[{"href":"https:\/\/artgalerie-tc.com\/en\/wp-json\/wp\/v2\/product\/3175","targetHints":{"allow":["GET"]}}],"collection":[{"href":"https:\/\/artgalerie-tc.com\/en\/wp-json\/wp\/v2\/product"}],"about":[{"href":"https:\/\/artgalerie-tc.com\/en\/wp-json\/wp\/v2\/types\/product"}],"wp:featuredmedia":[{"embeddable":true,"href":"https:\/\/artgalerie-tc.com\/en\/wp-json\/wp\/v2\/media\/8107"}],"wp:attachment":[{"href":"https:\/\/artgalerie-tc.com\/en\/wp-json\/wp\/v2\/media?parent=3175"}],"wp:term":[{"taxonomy":"product_brand","embeddable":true,"href":"https:\/\/artgalerie-tc.com\/en\/wp-json\/wp\/v2\/product_brand?post=3175"},{"taxonomy":"product_cat","embeddable":true,"href":"https:\/\/artgalerie-tc.com\/en\/wp-json\/wp\/v2\/product_cat?post=3175"},{"taxonomy":"product_tag","embeddable":true,"href":"https:\/\/artgalerie-tc.com\/en\/wp-json\/wp\/v2\/product_tag?post=3175"}],"curies":[{"name":"wp","href":"https:\/\/api.w.org\/{rel}","templated":true}]}}