{"id":3331,"date":"2022-11-02T02:51:13","date_gmt":"2022-11-02T01:51:13","guid":{"rendered":"https:\/\/artgalerie-tc.com\/?post_type=product&#038;p=3331"},"modified":"2025-10-10T22:28:49","modified_gmt":"2025-10-10T20:28:49","slug":"sensu-4","status":"publish","type":"product","link":"https:\/\/artgalerie-tc.com\/en\/product\/sensu-4\/","title":{"rendered":"SENSU"},"content":{"rendered":"","protected":false},"excerpt":{"rendered":"<p><strong>Titel: SENSU no.4<\/strong><br \/>\nEdition: 2022<\/p>\n<p>Material: Acryl auf Leinwand, Holz<br \/>\nGr\u00f6\u00dfe: 80 x 60 cm<br \/>\nsigniert auf der Vorderseite<br \/>\nEin Rahmen ist im Angebot integriert &#8211; Schattenfugenrahmen in schwarz.<br \/>\n*Die Farben k\u00f6nnen etwas von der Realit\u00e4t abweichen, da jeder Bildschirm die Farben anders darstellt.<\/p>\n<p><strong>Details<\/strong><br \/>\nHochwertiges Gem\u00e4lde auf Leinwand.<br \/>\nProfessionell auf Holzrahmen aufgezogen.<br \/>\nMit direkter, r\u00fcckseitiger M\u00f6glichkeit zur Wandaufh\u00e4ngung.<br \/>\nLieferung ohne Befestigungsmaterial.<br \/>\nDieses Produkt ist ein Einzelst\u00fcck.<\/p>\n<p><strong>Zur Edition<\/strong><\/p>\n<p><em>Was hat den K\u00fcnstler inspiriert?<\/em><br \/>\n<em>Es gibt die klassischen 6 Sinne des Menschen: Sehen, Riechen, Schmecken, H\u00f6ren, F\u00fchlen und der Gleichgewichtssinn \u2013 aber jeder Mensch nimmt Eindr\u00fccke und Reize aus der Umwelt anders wahr als Du\u2026<\/em><\/p>\n","protected":false},"featured_media":3333,"template":"","meta":[],"product_brand":[],"product_cat":[15],"product_tag":[],"class_list":{"0":"post-3331","1":"product","2":"type-product","3":"status-publish","4":"has-post-thumbnail","6":"product_cat-weiterewerke","8":"first","9":"instock","10":"sold-individually","11":"taxable","12":"shipping-taxable","13":"purchasable","14":"product-type-simple"},"jetpack_sharing_enabled":true,"_links":{"self":[{"href":"https:\/\/artgalerie-tc.com\/en\/wp-json\/wp\/v2\/product\/3331","targetHints":{"allow":["GET"]}}],"collection":[{"href":"https:\/\/artgalerie-tc.com\/en\/wp-json\/wp\/v2\/product"}],"about":[{"href":"https:\/\/artgalerie-tc.com\/en\/wp-json\/wp\/v2\/types\/product"}],"wp:featuredmedia":[{"embeddable":true,"href":"https:\/\/artgalerie-tc.com\/en\/wp-json\/wp\/v2\/media\/3333"}],"wp:attachment":[{"href":"https:\/\/artgalerie-tc.com\/en\/wp-json\/wp\/v2\/media?parent=3331"}],"wp:term":[{"taxonomy":"product_brand","embeddable":true,"href":"https:\/\/artgalerie-tc.com\/en\/wp-json\/wp\/v2\/product_brand?post=3331"},{"taxonomy":"product_cat","embeddable":true,"href":"https:\/\/artgalerie-tc.com\/en\/wp-json\/wp\/v2\/product_cat?post=3331"},{"taxonomy":"product_tag","embeddable":true,"href":"https:\/\/artgalerie-tc.com\/en\/wp-json\/wp\/v2\/product_tag?post=3331"}],"curies":[{"name":"wp","href":"https:\/\/api.w.org\/{rel}","templated":true}]}}