{"id":4091,"date":"2023-03-17T00:11:06","date_gmt":"2023-03-16T23:11:06","guid":{"rendered":"https:\/\/artgalerie-tc.com\/?post_type=product&#038;p=4091"},"modified":"2025-10-10T22:27:12","modified_gmt":"2025-10-10T20:27:12","slug":"kontrast-6","status":"publish","type":"product","link":"https:\/\/artgalerie-tc.com\/en\/product\/kontrast-6\/","title":{"rendered":"KONTRAST"},"content":{"rendered":"","protected":false},"excerpt":{"rendered":"<p><strong>Titel: KONTRAST no.6<\/strong><br \/>\nEdition: 2023<\/p>\n<p>Material: Acryl auf Leinwand, Holz<br \/>\nGr\u00f6\u00dfe: 50 x 50 cm<br \/>\nsigniert auf der R\u00fcckseite<br \/>\nEin Rahmen ist im Angebot integriert &#8211; Schattenfugenrahmen in Eiche Massiv, Oberfl\u00e4che ge\u00f6lt.<br \/>\n*Die Farben k\u00f6nnen etwas von der Realit\u00e4t abweichen, da jeder Bildschirm die Farben anders darstellt.<\/p>\n<p><strong>Details<\/strong><br \/>\nHochwertiges Gem\u00e4lde auf Leinwand.<br \/>\nProfessionell auf Holzrahmen aufgezogen.<br \/>\nMit direkter, r\u00fcckseitiger M\u00f6glichkeit zur Wandaufh\u00e4ngung.<br \/>\nLieferung ohne Befestigungsmaterial.<br \/>\nDieses Produkt ist ein Einzelst\u00fcck.<\/p>\n<p><strong>Zur Edition:<\/strong><\/p>\n<p><em>Was hat den K\u00fcnstler inspiriert?<\/em><\/p>\n<p><em>Kontrast bedeutet: Gegensatz ausgepr\u00e4gter Unterschied bei Farbgebung\u2026 Mit Kontrasten dr\u00fcckt man auch seine Pers\u00f6nlichkeit aus! Man hat den Mut, eben nicht alles einer Regel unterzuordnen oder einem Stil.<\/em><\/p>\n<p><em>Mit der exklusiven Edition soll in den modernen Wohnr\u00e4umen eine reizvolle Spannung und Pepp geschaffen werden. Die effektvollen Gegenpole von Dunkel und Hell heben die Gegens\u00e4tzlichkeit hervor. So entsteht ein spannendes Design.<\/em><\/p>\n","protected":false},"featured_media":4107,"template":"","meta":[],"product_brand":[],"product_cat":[15],"product_tag":[],"class_list":{"0":"post-4091","1":"product","2":"type-product","3":"status-publish","4":"has-post-thumbnail","6":"product_cat-weiterewerke","8":"first","9":"instock","10":"sold-individually","11":"taxable","12":"shipping-taxable","13":"purchasable","14":"product-type-simple"},"jetpack_sharing_enabled":true,"_links":{"self":[{"href":"https:\/\/artgalerie-tc.com\/en\/wp-json\/wp\/v2\/product\/4091","targetHints":{"allow":["GET"]}}],"collection":[{"href":"https:\/\/artgalerie-tc.com\/en\/wp-json\/wp\/v2\/product"}],"about":[{"href":"https:\/\/artgalerie-tc.com\/en\/wp-json\/wp\/v2\/types\/product"}],"wp:featuredmedia":[{"embeddable":true,"href":"https:\/\/artgalerie-tc.com\/en\/wp-json\/wp\/v2\/media\/4107"}],"wp:attachment":[{"href":"https:\/\/artgalerie-tc.com\/en\/wp-json\/wp\/v2\/media?parent=4091"}],"wp:term":[{"taxonomy":"product_brand","embeddable":true,"href":"https:\/\/artgalerie-tc.com\/en\/wp-json\/wp\/v2\/product_brand?post=4091"},{"taxonomy":"product_cat","embeddable":true,"href":"https:\/\/artgalerie-tc.com\/en\/wp-json\/wp\/v2\/product_cat?post=4091"},{"taxonomy":"product_tag","embeddable":true,"href":"https:\/\/artgalerie-tc.com\/en\/wp-json\/wp\/v2\/product_tag?post=4091"}],"curies":[{"name":"wp","href":"https:\/\/api.w.org\/{rel}","templated":true}]}}