{"id":7250,"date":"2024-11-21T20:41:10","date_gmt":"2024-11-21T19:41:10","guid":{"rendered":"https:\/\/artgalerie-tc.com\/?post_type=product&#038;p=7250"},"modified":"2025-10-10T22:17:38","modified_gmt":"2025-10-10T20:17:38","slug":"mussels-12","status":"publish","type":"product","link":"https:\/\/artgalerie-tc.com\/en\/product\/mussels-12\/","title":{"rendered":"MUSSELS"},"content":{"rendered":"","protected":false},"excerpt":{"rendered":"<p><strong>Titel: MUSSELS\u00a0<\/strong><br \/>\nEdition: 2024<\/p>\n<p>Material: Acryl auf Leinwand, Holz<br \/>\nGr\u00f6\u00dfe: 80 x 80 cm<br \/>\nsigniert auf der R\u00fcckseite<br \/>\nEin Rahmen ist im Angebot integriert &#8211; Schattenfugenrahmen aus Ahorn Massivholz, Oberfl\u00e4che hellge\u00f6lt.<br \/>\n*Die Farben k\u00f6nnen etwas von der Realit\u00e4t abweichen, da jeder Bildschirm die Farben anders darstellt.<\/p>\n<p><strong>Details<\/strong><br \/>\nHochwertiges Gem\u00e4lde auf Leinwand.<br \/>\nProfessionell auf Holzrahmen aufgezogen.<br \/>\nMit direkter, r\u00fcckseitiger M\u00f6glichkeit zur Wandaufh\u00e4ngung.<br \/>\nLieferung ohne Befestigungsmaterial.<br \/>\nDieses Produkt ist ein Einzelst\u00fcck.<\/p>\n<p><strong>Zur Edition:<\/strong><\/p>\n<p><em>Was hat den K\u00fcnstler inspiriert?<\/em><br \/>\n<em>Es gibt eine enorme Vielfalt an Formen, Gr\u00f6\u00dfen und Farben bei Muscheln \u2013<\/em><br \/>\n<em>die Schalenform der Muscheln hat mit ihrer jeweiligen Lebensweise zu tun\u2026<\/em><br \/>\n<em>bei Meschen ist es nicht anders\u2026 Die Edition verk\u00f6rpert das Zusammenleben\u2026<\/em><br \/>\n<em>Die Lebensfreude spiegeln sich in den Farben wieder<\/em><\/p>\n","protected":false},"featured_media":7253,"template":"","meta":[],"product_brand":[],"product_cat":[15],"product_tag":[],"class_list":{"0":"post-7250","1":"product","2":"type-product","3":"status-publish","4":"has-post-thumbnail","6":"product_cat-weiterewerke","8":"first","9":"instock","10":"sold-individually","11":"taxable","12":"shipping-taxable","13":"purchasable","14":"product-type-simple"},"jetpack_sharing_enabled":true,"_links":{"self":[{"href":"https:\/\/artgalerie-tc.com\/en\/wp-json\/wp\/v2\/product\/7250","targetHints":{"allow":["GET"]}}],"collection":[{"href":"https:\/\/artgalerie-tc.com\/en\/wp-json\/wp\/v2\/product"}],"about":[{"href":"https:\/\/artgalerie-tc.com\/en\/wp-json\/wp\/v2\/types\/product"}],"wp:featuredmedia":[{"embeddable":true,"href":"https:\/\/artgalerie-tc.com\/en\/wp-json\/wp\/v2\/media\/7253"}],"wp:attachment":[{"href":"https:\/\/artgalerie-tc.com\/en\/wp-json\/wp\/v2\/media?parent=7250"}],"wp:term":[{"taxonomy":"product_brand","embeddable":true,"href":"https:\/\/artgalerie-tc.com\/en\/wp-json\/wp\/v2\/product_brand?post=7250"},{"taxonomy":"product_cat","embeddable":true,"href":"https:\/\/artgalerie-tc.com\/en\/wp-json\/wp\/v2\/product_cat?post=7250"},{"taxonomy":"product_tag","embeddable":true,"href":"https:\/\/artgalerie-tc.com\/en\/wp-json\/wp\/v2\/product_tag?post=7250"}],"curies":[{"name":"wp","href":"https:\/\/api.w.org\/{rel}","templated":true}]}}