{"id":7624,"date":"2025-03-06T22:34:12","date_gmt":"2025-03-06T21:34:12","guid":{"rendered":"https:\/\/artgalerie-tc.com\/?post_type=product&#038;p=7624"},"modified":"2025-12-14T13:58:17","modified_gmt":"2025-12-14T12:58:17","slug":"kaaba-16","status":"publish","type":"product","link":"https:\/\/artgalerie-tc.com\/en\/product\/kaaba-16\/","title":{"rendered":"KAABA"},"content":{"rendered":"<hr \/>\n<p>&nbsp;<\/p>\n","protected":false},"excerpt":{"rendered":"<p>Titel: KAABA<br \/>\nEdition: 2025<\/p>\n<p>Material: Acryl, Texturpaste auf Leinwand, Holz<br \/>\nGr\u00f6\u00dfe: 70 x 70 cm<br \/>\nsigniert auf der R\u00fcckseite<br \/>\nEin Rahmen ist im Angebot integriert &#8211; Schattenfugenrahmen in schwarz.<br \/>\n*Die Farben k\u00f6nnen etwas von der Realit\u00e4t abweichen, da jeder Bildschirm die Farben anders darstellt.<\/p>\n<p>Was hat den K\u00fcnstler inspiriert?<\/p>\n<p><em>Tauchen Sie ein in die faszinierende Welt von &#8220;Mekka&#8221; \u2013 ein k\u00fcnstlerisches Meisterwerk, das die Magie dieses besonderen Ortes auf einzigartige Weise einf\u00e4ngt. Die Texturstruktur des Kunstwerks erweckt die spirituelle Aura von Mekka zum Leben und l\u00e4dt Sie ein, in die Tiefe seiner Sch\u00f6nheit einzutauchen. Durch geschickte Pinselstriche und Farbnuancen spiegelt dieses Kunstwerk die Pracht und Erhabenheit von Mekka wider, sodass Sie sich f\u00fchlen, als w\u00e4ren Sie selbst vor Ort.<\/em><\/p>\n<p><em>Die eindrucksvolle Darstellung der w\u00fcrfelf\u00f6rmigen Kaaba, des zentralen Heiligtums des Islam, verleiht dem Kunstwerk eine tiefe religi\u00f6se Bedeutung. Die strahlenden Farben und Schattierungen lassen das Licht von Mekka in all seiner Pracht erstrahlen, w\u00e4hrend die feinen Details der Kaaba eine Verbindung zur spirituellen Essenz dieses heiligen Ortes herstellen.<\/em><\/p>\n<p><em>&#8220;Mekka&#8221; ist mehr als nur ein Gem\u00e4lde \u2013 es ist eine Reise der Seele zu einem magischen Ort und einer bedeutenden religi\u00f6sen St\u00e4tte, die Sie immer wieder aufs Neue erleben k\u00f6nnen. Die Kombination aus kunstvoller Textur und spiritueller Symbolik macht dieses Kunstwerk zu einer wahrhaft inspirierenden und fesselnden Darstellung von Mekka und der Kaaba.<\/em><\/p>\n<p>Details<br \/>\nHochwertiges Gem\u00e4lde auf Leinwand.<br \/>\nProfessionell auf Holzrahmen aufgezogen.<br \/>\nMit direkter, r\u00fcckseitiger M\u00f6glichkeit zur Wandaufh\u00e4ngung.<br \/>\nLieferung ohne Befestigungsmaterial.<br \/>\nDieses Produkt ist ein Einzelst\u00fcck.<\/p>\n","protected":false},"featured_media":7629,"template":"","meta":[],"product_brand":[],"product_cat":[15],"product_tag":[],"class_list":{"0":"post-7624","1":"product","2":"type-product","3":"status-publish","4":"has-post-thumbnail","6":"product_cat-weiterewerke","8":"first","9":"instock","10":"sold-individually","11":"taxable","12":"shipping-taxable","13":"purchasable","14":"product-type-simple"},"jetpack_sharing_enabled":true,"_links":{"self":[{"href":"https:\/\/artgalerie-tc.com\/en\/wp-json\/wp\/v2\/product\/7624","targetHints":{"allow":["GET"]}}],"collection":[{"href":"https:\/\/artgalerie-tc.com\/en\/wp-json\/wp\/v2\/product"}],"about":[{"href":"https:\/\/artgalerie-tc.com\/en\/wp-json\/wp\/v2\/types\/product"}],"wp:featuredmedia":[{"embeddable":true,"href":"https:\/\/artgalerie-tc.com\/en\/wp-json\/wp\/v2\/media\/7629"}],"wp:attachment":[{"href":"https:\/\/artgalerie-tc.com\/en\/wp-json\/wp\/v2\/media?parent=7624"}],"wp:term":[{"taxonomy":"product_brand","embeddable":true,"href":"https:\/\/artgalerie-tc.com\/en\/wp-json\/wp\/v2\/product_brand?post=7624"},{"taxonomy":"product_cat","embeddable":true,"href":"https:\/\/artgalerie-tc.com\/en\/wp-json\/wp\/v2\/product_cat?post=7624"},{"taxonomy":"product_tag","embeddable":true,"href":"https:\/\/artgalerie-tc.com\/en\/wp-json\/wp\/v2\/product_tag?post=7624"}],"curies":[{"name":"wp","href":"https:\/\/api.w.org\/{rel}","templated":true}]}}