{"id":7693,"date":"2025-04-13T22:01:51","date_gmt":"2025-04-13T20:01:51","guid":{"rendered":"https:\/\/artgalerie-tc.com\/?post_type=product&#038;p=7693"},"modified":"2025-09-02T21:23:02","modified_gmt":"2025-09-02T19:23:02","slug":"dune-14","status":"publish","type":"product","link":"https:\/\/artgalerie-tc.com\/en\/product\/dune-14\/","title":{"rendered":"DUNE"},"content":{"rendered":"<div data-test='contact-form'\n\t\t\tid='contact-form-7693'\n\t\t\tclass='jetpack-contact-form-container '\n\t\t\tdata-wp-interactive='jetpack\/form' data-wp-context='{\"formId\":\"7693\",\"formHash\":\"b82094d9e16979cef30a196f93094dd83537bd4f\",\"showErrors\":false,\"errors\":[],\"fields\":[],\"isMultiStep\":false,\"useAjax\":true,\"submissionData\":null,\"formattedSubmissionData\":[],\"submissionSuccess\":false,\"submissionError\":null,\"elementId\":\"jp-form-b82094d9e16979cef30a196f93094dd83537bd4f\",\"isSingleInputForm\":false,\"isForcedHorizontal\":false}'\n\t\t\tdata-wp-watch--scroll-to-wrapper=\"callbacks.scrollToWrapper\"\n\t\t>\n<div class=\"contact-form-submission contact-form-ajax-submission\" data-wp-bind--aria-hidden=\"state.isSuccessMessageAriaHidden\" data-wp-class--submission-success=\"context.submissionSuccess\" id=\"contact-form-success-b82094d9e16979cef30a196f93094dd83537bd4f\" tabindex=\"-1\" aria-labelledby=\"contact-form-success-header-b82094d9e16979cef30a196f93094dd83537bd4f\"><p class=\"go-back-message\"><a class=\"link\" role=\"button\" tabindex=\"0\" data-wp-on--click=\"actions.goBack\" href=\"\/en\/wp-json\/wp\/v2\/product\/7693\">\u2190 Back<\/a><\/p><h4 data-wp-bind--aria-hidden=\"state.isSuccessMessageAriaHidden\" id=\"contact-form-success-header-b82094d9e16979cef30a196f93094dd83537bd4f\">Thank you for your response. \u2728<\/h4>\n\n<template data-wp-each--submission=\"context.formattedSubmissionData\">\n\t\t\t\t\t<div class=\"jetpack_forms_contact-form-success-summary\">\n\t\t\t\t\t\t<div class=\"field-name-wrapper\">\n\t\t\t\t\t\t\t<div class=\"field-type-icon\" data-wp-watch=\"callbacks.watchFieldTypeIcon\"><\/div>\n\t\t\t\t\t\t\t<div class=\"field-name\" data-wp-text=\"context.submission.label\" data-wp-bind--hidden=\"!context.submission.label\"><\/div>\n\t\t\t\t\t\t<\/div>\n\t\t\t\t\t\t<div class=\"field-value\" data-wp-text=\"context.submission.value\" data-wp-bind--hidden=\"!context.submission.showPlainValue\"><\/div>\n\t\t\t\t\t\t<a class=\"field-url\" data-wp-bind--href=\"context.submission.url\" data-wp-text=\"context.submission.value\" data-wp-bind--hidden=\"!context.submission.url\" target=\"_blank\" rel=\"noopener noreferrer\"><\/a>\n\t\t\t\t\t\t<div class=\"field-rating\" data-wp-bind--hidden=\"!context.submission.rating\" data-wp-watch=\"callbacks.watchRatingIcons\"><\/div>\n\t\t\t\t\t\t<div class=\"field-images\" data-wp-bind--hidden=\"!context.submission.images\">\n\t\t\t\t\t\t\t<template data-wp-each--image=\"context.submission.images\">\n\t\t\t\t\t\t\t\t<div class=\"field-image-option\" data-wp-class--is-empty=\"!context.image.src\">\n\t\t\t\t\t\t\t\t\t<figure class=\"field-image-option__image\" data-wp-class--is-empty=\"!context.image.src\">\n\t\t\t\t\t\t\t\t\t\t<img data-wp-bind--src=\"context.image.src\" data-wp-bind--hidden=\"!context.image.src\" \/>\n\t\t\t\t\t\t\t\t\t\t<img decoding=\"async\" src=\"data:image\/gif;base64,R0lGODlhAQABAAD\/ACwAAAAAAQABAAACADs=\" data-wp-bind--hidden=\"context.image.src\" \/>\n\t\t\t\t\t\t\t\t\t<\/figure>\n\t\t\t\t\t\t\t\t\t<div class=\"field-image-option__label-wrapper\">\n\t\t\t\t\t\t\t\t\t\t<span class=\"field-image-option__label-code\" data-wp-text=\"context.image.letterCode\"><\/span>\n\t\t\t\t\t\t\t\t\t\t<span class=\"field-image-option__label\" data-wp-text=\"context.image.label\" data-wp-bind--hidden=\"!context.image.label\"><\/span>\n\t\t\t\t\t\t\t\t\t<\/div>\n\t\t\t\t\t\t\t\t<\/div>\n\t\t\t\t\t\t\t<\/template>\n\t\t\t\t\t\t<\/div>\n\t\t\t\t\t\t<div class=\"field-files\" data-wp-bind--hidden=\"!context.submission.files\">\n\t\t\t\t\t\t\t<template data-wp-each--file=\"context.submission.files\">\n\t\t\t\t\t\t\t\t<div class=\"field-file\">\n\t\t\t\t\t\t\t\t\t<div class=\"field-file__thumbnail\" data-wp-style--background-image=\"context.file.previewUrl\" data-wp-style--mask-image=\"context.file.iconUrl\" data-wp-bind--hidden=\"!context.file.hasPreview\"><\/div>\n\t\t\t\t\t\t\t\t\t<svg class=\"field-file__icon\" data-wp-bind--hidden=\"context.file.hasPreview\" width=\"20\" height=\"20\" viewBox=\"0 0 24 24\" fill=\"none\" xmlns=\"http:\/\/www.w3.org\/2000\/svg\" aria-hidden=\"true\">\n\t\t\t\t\t\t\t\t\t\t<path d=\"M14 2H6C4.9 2 4 2.9 4 4V20C4 21.1 4.89 22 5.99 22H18C19.1 22 20 21.1 20 20V8L14 2ZM18 20H6V4H13V9H18V20Z\" fill=\"currentColor\"\/>\n\t\t\t\t\t\t\t\t\t<\/svg>\n\t\t\t\t\t\t\t\t\t<span class=\"field-file__name\" data-wp-text=\"context.file.name\"><\/span>\n\t\t\t\t\t\t\t\t\t<span class=\"field-file__size\" data-wp-text=\"context.file.size\"><\/span>\n\t\t\t\t\t\t\t\t<\/div>\n\t\t\t\t\t\t\t<\/template>\n\t\t\t\t\t\t<\/div>\n\t\t\t\t\t<\/div>\n\t\t\t\t<\/template><\/div><form action='https:\/\/artgalerie-tc.com\/en\/product\/dune-14\/'\n\t\t\t\tid='jp-form-b82094d9e16979cef30a196f93094dd83537bd4f'\n\t\t\t\tmethod='post'\n\t\t\t\tclass='contact-form commentsblock jetpack-contact-form__form has-no-jetpack-form-layout' aria-label=\"DUNE\"\n\t\t\t\tdata-wp-on--submit=\"actions.onFormSubmit\"\n\t\t\t\tdata-wp-on--reset=\"actions.onFormReset\"\n\t\t\t\tdata-wp-class--submission-success=\"context.submissionSuccess\"\n\t\t\t\tdata-wp-class--is-first-step=\"state.isFirstStep\"\n\t\t\t\tdata-wp-class--is-last-step=\"state.isLastStep\"\n\t\t\t\tdata-wp-class--is-ajax-form=\"context.useAjax\"\n\t\t\t\tnovalidate >\n<input type='hidden' name='jetpack_contact_form_jwt' value='eyJ0eXAiOiJKV1QiLCJhbGciOiJIUzI1NiJ9.eyJlbmNyeXB0ZWRfYXR0cmlidXRlcyI6IlJicXk3dkM5bUpQM2hQY1lLT1BGU0lrenNmNTNqMTBoMUd0MUV0ZFVmc244ZmVnTkducWN2eEc1VG5pcS81cVAzT2c4TnJMZG1rd0ZHbk4xQUcwODdKdXpMb2Z3V3hoelNDMWMzVnUyUDNodWg5aXVqVGk0eVlzNG9TNHF1Z29Qc1dkZjJKYlNLRDU4dmh1RDNKM3hqenY4djJhRGQwRElyaFA5RHF3akFiZ0FjSnBXbWRFc1dzS0FCbTZReXovditrOTNNNjhIM1FhSEtaZnc1cGhJM3UwbVhtY0Q4MVhtclB2Z0dPeDh2Tm42VWZSZi9sMVJ4ZXI3R0RxOHpsNDVFdklicURlVHVzMW8rSW1yTnRCdldFaWRmR3FRMm1DKy9KcDZ0MW50Ty9jdE83T2pvRXdQck0xRUZNcTdSZTloWCthckhrQTNTbFhiR1ppeU5TOEZLbDZlY0ZVUjdKQ2lkUkFDYlZIVGFHWlpRU1lGdXgycUVYRlZmNkpQUTBaVlAzMGFXOEtLNWs3d2FCWE5QZmk0cFBkWUlyQnRvcUJjV05vcU8ySE55R3d5dTBKNWtxcGJSNkhiMXRWMlhPMHNwaWJpSi9OaUJJbm5MN2NrbFNTNkM4cnBDVjdkK0hMREZPeDJuVFk2T0hnZmwxazNsNFdwN0tNeHpUVEhVaG9ZeXZYOU1OSHM1Z01vYWNxOE9QQ3FrSFdHMjBhaWhSajdmKzdTaEZBejdoY1FKazZKNHFMUEttOGJscFE1R0VMOW81Rlk0NjR6RlJnWnAybjIvN3E0Qnp5MnRhSG04YnhXZjQ5dlIvcnozRStEOXkwSUtncTZnWlRYWFA0M0UzNDlVZVk1VVI0UHNBSmFVMEVsblh0b0NzeG9EREJWdFk1MmQ2Y0JsOXJrOW8yN0g0cXpJenNWNlFNNVJMTEZ6ZUEraHJhL1gzei9ibDdnTGt5ZStVODhYMkZVN1JTaHA0NGtEMkdwampKMlRPTGNQeGF3UmQxUFMxTExWT0NXTEsvaVBmek16d0ZDWVlDVjlHdk5KTHllTkFhbWJjZVlxRXRYOVcxaGxaUFVOSHNydDd2MFgzUG9Rd21iUkpkTUhIMTVNaDFCUTZTQW5VbVprVUlCbGtHS1owcHJqZTh0NjYvUk9qQ01XNkk3TDdIN3Rnb0FOWVBaWTBGTXhNckI3V1RsIiwiY29udGVudCI6Iltjb250YWN0LWZpZWxkIGxhYmVsPVwiTmFtZVwiIHR5cGU9XCJuYW1lXCIgIHJlcXVpcmVkPVwidHJ1ZVwiIC9dW2NvbnRhY3QtZmllbGQgbGFiZWw9XCJFLU1haWxcIiB0eXBlPVwiZW1haWxcIiByZXF1aXJlZD1cInRydWVcIiAvXVtjb250YWN0LWZpZWxkIGxhYmVsPVwiV2Vic2l0ZVwiIHR5cGU9XCJ1cmxcIiAvXVtjb250YWN0LWZpZWxkIGxhYmVsPVwiTmFjaHJpY2h0XCIgdHlwZT1cInRleHRhcmVhXCIgL10iLCJoYXNoIjoiYjgyMDk0ZDllMTY5NzljZWYzMGExOTZmOTMwOTRkZDgzNTM3YmQ0ZiIsInNvdXJjZSI6eyJlbnRyeV90aXRsZSI6IkRVTkUiLCJlbnRyeV9wYWdlIjoxLCJzb3VyY2VfaWQiOjc2OTMsInNvdXJjZV90eXBlIjoic2luZ2xlIiwicmVxdWVzdF91cmwiOiJodHRwczovL2FydGdhbGVyaWUtdGMuY29tL2VuL3dwLWpzb24vd3AvdjIvcHJvZHVjdC83NjkzLyJ9LCJ2ZXJzaW9uIjoyLCJjaXBoZXIiOiJhZXMtMjU2LWdjbSJ9.8oQCMuyTYPzd3fKlCcxMNN3v8MOphlKYzCTMtuyLCdI' \/>\n\n<div style=\"\"  data-wp-interactive=\"jetpack\/form\" data-wp-context='{\"fieldId\":\"g7693-name\",\"fieldType\":\"name\",\"fieldLabel\":\"Name\",\"fieldValue\":\"\",\"fieldPlaceholder\":\"\",\"fieldIsRequired\":\"1\",\"fieldErrorMessage\":\"\",\"fieldExtra\":[],\"formHash\":\"b82094d9e16979cef30a196f93094dd83537bd4f\"}'  class='grunion-field-name-wrap grunion-field-wrap'  data-wp-init='callbacks.initializeField' data-wp-on--jetpack-form-reset='callbacks.initializeField' >\n<label\n\t\t\t\tfor='g7693-name' class=\"grunion-field-label name\" >Name<span class=\"grunion-label-required\" aria-hidden=\"true\">(required)<\/span><\/label>\n<input\n\t\t\t\t\ttype='text'\n\t\t\t\t\tname='g7693-name'\n\t\t\t\t\tid='g7693-name'\n\t\t\t\t\tvalue=''\n\n\t\t\t\t\tdata-wp-bind--aria-invalid='state.fieldAriaInvalid'\n\t\t\t\t\tdata-wp-bind--value='state.getFieldValue'\n\t\t\t\t\taria-describedby='g7693-name-text-error-message'\n\t\t\t\t\tdata-wp-on--input='actions.onFieldChange'\n\t\t\t\t\tdata-wp-on--blur='actions.onFieldBlur'\n\t\t\t\t\tdata-wp-class--has-value='state.hasFieldValue'\n\n\t\t\t\t\tclass='name  grunion-field' \n\t\t\t\t\trequired='true' aria-required='true'  \/>\n \n\t\t\t<div id=\"g7693-name-text-error\" class=\"contact-form__input-error\" data-wp-class--has-errors=\"state.fieldHasErrors\">\n\t\t\t\t<span class=\"contact-form__warning-icon\" aria-hidden=\"true\">\n\t\t\t\t\t<svg width=\"16\" height=\"16\" viewBox=\"0 0 16 16\" fill=\"none\" xmlns=\"http:\/\/www.w3.org\/2000\/svg\">\n\t\t\t\t\t\t<path d=\"M8.50015 11.6402H7.50015V10.6402H8.50015V11.6402Z\" \/>\n\t\t\t\t\t\t<path d=\"M7.50015 9.64018H8.50015V6.30684H7.50015V9.64018Z\" \/>\n\t\t\t\t\t\t<path fill-rule=\"evenodd\" clip-rule=\"evenodd\" d=\"M6.98331 3.0947C7.42933 2.30177 8.57096 2.30177 9.01698 3.09469L13.8771 11.7349C14.3145 12.5126 13.7525 13.4735 12.8602 13.4735H3.14004C2.24774 13.4735 1.68575 12.5126 2.12321 11.7349L6.98331 3.0947ZM8.14541 3.58496C8.08169 3.47168 7.9186 3.47168 7.85488 3.58496L2.99478 12.2251C2.93229 12.3362 3.01257 12.4735 3.14004 12.4735H12.8602C12.9877 12.4735 13.068 12.3362 13.0055 12.2251L8.14541 3.58496Z\" \/>\n\t\t\t\t\t<\/svg>\n\t\t\t\t<\/span>\n\t\t\t\t<span data-wp-text=\"state.errorMessage\" id=\"g7693-name-text-error-message\"><\/span>\n\t\t\t<\/div> \n\t<\/div>\n\n<div style=\"\"  data-wp-interactive=\"jetpack\/form\" data-wp-context='{\"fieldId\":\"g7693-email\",\"fieldType\":\"email\",\"fieldLabel\":\"E-Mail\",\"fieldValue\":\"\",\"fieldPlaceholder\":\"\",\"fieldIsRequired\":\"1\",\"fieldErrorMessage\":\"\",\"fieldExtra\":[],\"formHash\":\"b82094d9e16979cef30a196f93094dd83537bd4f\"}'  class='grunion-field-email-wrap grunion-field-wrap'  data-wp-init='callbacks.initializeField' data-wp-on--jetpack-form-reset='callbacks.initializeField' >\n<label\n\t\t\t\tfor='g7693-email' class=\"grunion-field-label email\" >E-Mail<span class=\"grunion-label-required\" aria-hidden=\"true\">(required)<\/span><\/label>\n<input\n\t\t\t\t\ttype='email'\n\t\t\t\t\tname='g7693-email'\n\t\t\t\t\tid='g7693-email'\n\t\t\t\t\tvalue=''\n\n\t\t\t\t\tdata-wp-bind--aria-invalid='state.fieldAriaInvalid'\n\t\t\t\t\tdata-wp-bind--value='state.getFieldValue'\n\t\t\t\t\taria-describedby='g7693-email-email-error-message'\n\t\t\t\t\tdata-wp-on--input='actions.onFieldChange'\n\t\t\t\t\tdata-wp-on--blur='actions.onFieldBlur'\n\t\t\t\t\tdata-wp-class--has-value='state.hasFieldValue'\n\n\t\t\t\t\tclass='email  grunion-field' \n\t\t\t\t\trequired='true' aria-required='true'  \/>\n \n\t\t\t<div id=\"g7693-email-email-error\" class=\"contact-form__input-error\" data-wp-class--has-errors=\"state.fieldHasErrors\">\n\t\t\t\t<span class=\"contact-form__warning-icon\" aria-hidden=\"true\">\n\t\t\t\t\t<svg width=\"16\" height=\"16\" viewBox=\"0 0 16 16\" fill=\"none\" xmlns=\"http:\/\/www.w3.org\/2000\/svg\">\n\t\t\t\t\t\t<path d=\"M8.50015 11.6402H7.50015V10.6402H8.50015V11.6402Z\" \/>\n\t\t\t\t\t\t<path d=\"M7.50015 9.64018H8.50015V6.30684H7.50015V9.64018Z\" \/>\n\t\t\t\t\t\t<path fill-rule=\"evenodd\" clip-rule=\"evenodd\" d=\"M6.98331 3.0947C7.42933 2.30177 8.57096 2.30177 9.01698 3.09469L13.8771 11.7349C14.3145 12.5126 13.7525 13.4735 12.8602 13.4735H3.14004C2.24774 13.4735 1.68575 12.5126 2.12321 11.7349L6.98331 3.0947ZM8.14541 3.58496C8.08169 3.47168 7.9186 3.47168 7.85488 3.58496L2.99478 12.2251C2.93229 12.3362 3.01257 12.4735 3.14004 12.4735H12.8602C12.9877 12.4735 13.068 12.3362 13.0055 12.2251L8.14541 3.58496Z\" \/>\n\t\t\t\t\t<\/svg>\n\t\t\t\t<\/span>\n\t\t\t\t<span data-wp-text=\"state.errorMessage\" id=\"g7693-email-email-error-message\"><\/span>\n\t\t\t<\/div> \n\t<\/div>\n\n<div style=\"\"  data-wp-interactive=\"jetpack\/form\" data-wp-context='{\"fieldId\":\"g7693-website\",\"fieldType\":\"url\",\"fieldLabel\":\"Website\",\"fieldValue\":\"\",\"fieldPlaceholder\":\"\",\"fieldIsRequired\":\"\",\"fieldErrorMessage\":\"\",\"fieldExtra\":[],\"formHash\":\"b82094d9e16979cef30a196f93094dd83537bd4f\"}'  class='grunion-field-url-wrap grunion-field-wrap'  data-wp-init='callbacks.initializeField' data-wp-on--jetpack-form-reset='callbacks.initializeField' >\n<label\n\t\t\t\tfor='g7693-website' class=\"grunion-field-label url\" >Website<\/label>\n<input\n\t\t\t\t\ttype='text'\n\t\t\t\t\tname='g7693-website'\n\t\t\t\t\tid='g7693-website'\n\t\t\t\t\tvalue=''\n\n\t\t\t\t\tdata-wp-bind--aria-invalid='state.fieldAriaInvalid'\n\t\t\t\t\tdata-wp-bind--value='state.getFieldValue'\n\t\t\t\t\taria-describedby='g7693-website-text-error-message'\n\t\t\t\t\tdata-wp-on--input='actions.onFieldChange'\n\t\t\t\t\tdata-wp-on--blur='actions.onFieldBlur'\n\t\t\t\t\tdata-wp-class--has-value='state.hasFieldValue'\n\n\t\t\t\t\tclass='url  grunion-field' \n\t\t\t\t\t \/>\n \n\t\t\t<div id=\"g7693-website-text-error\" class=\"contact-form__input-error\" data-wp-class--has-errors=\"state.fieldHasErrors\">\n\t\t\t\t<span class=\"contact-form__warning-icon\" aria-hidden=\"true\">\n\t\t\t\t\t<svg width=\"16\" height=\"16\" viewBox=\"0 0 16 16\" fill=\"none\" xmlns=\"http:\/\/www.w3.org\/2000\/svg\">\n\t\t\t\t\t\t<path d=\"M8.50015 11.6402H7.50015V10.6402H8.50015V11.6402Z\" \/>\n\t\t\t\t\t\t<path d=\"M7.50015 9.64018H8.50015V6.30684H7.50015V9.64018Z\" \/>\n\t\t\t\t\t\t<path fill-rule=\"evenodd\" clip-rule=\"evenodd\" d=\"M6.98331 3.0947C7.42933 2.30177 8.57096 2.30177 9.01698 3.09469L13.8771 11.7349C14.3145 12.5126 13.7525 13.4735 12.8602 13.4735H3.14004C2.24774 13.4735 1.68575 12.5126 2.12321 11.7349L6.98331 3.0947ZM8.14541 3.58496C8.08169 3.47168 7.9186 3.47168 7.85488 3.58496L2.99478 12.2251C2.93229 12.3362 3.01257 12.4735 3.14004 12.4735H12.8602C12.9877 12.4735 13.068 12.3362 13.0055 12.2251L8.14541 3.58496Z\" \/>\n\t\t\t\t\t<\/svg>\n\t\t\t\t<\/span>\n\t\t\t\t<span data-wp-text=\"state.errorMessage\" id=\"g7693-website-text-error-message\"><\/span>\n\t\t\t<\/div> \n\t<\/div>\n\n<div style=\"\"  data-wp-interactive=\"jetpack\/form\" data-wp-context='{\"fieldId\":\"g7693-nachricht\",\"fieldType\":\"textarea\",\"fieldLabel\":\"Nachricht\",\"fieldValue\":\"\",\"fieldPlaceholder\":\"\",\"fieldIsRequired\":\"\",\"fieldErrorMessage\":\"\",\"fieldExtra\":[],\"formHash\":\"b82094d9e16979cef30a196f93094dd83537bd4f\"}'  class='grunion-field-textarea-wrap grunion-field-wrap'  data-wp-init='callbacks.initializeField' data-wp-on--jetpack-form-reset='callbacks.initializeField' >\n<label\n\t\t\t\tfor='contact-form-comment-g7693-nachricht' class=\"grunion-field-label textarea\" >Nachricht<\/label>\n<textarea\n\t\t                style=''\n\t\t                name='g7693-nachricht'\n\t\t                id='contact-form-comment-g7693-nachricht'\n\t\t                rows='20'\n\t\t\t\t\t\tdata-wp-text='state.getFieldValue'\n\t\t\t\t\t\tdata-wp-on--input='actions.onFieldChange'\n\t\t\t\t\t\tdata-wp-on--blur='actions.onFieldBlur'\n\t\t\t\t\t\tdata-wp-class--has-value='state.hasFieldValue'\n\t\t\t\t\t\taria-describedby='g7693-nachricht-textarea-error-message'\n\t\t\t\t\t\tdata-wp-bind--aria-invalid='state.fieldAriaInvalid'\n\t\t\t\t\t\tclass='textarea  grunion-field'  ><\/textarea>\n \n\t\t\t<div id=\"g7693-nachricht-textarea-error\" class=\"contact-form__input-error\" data-wp-class--has-errors=\"state.fieldHasErrors\">\n\t\t\t\t<span class=\"contact-form__warning-icon\" aria-hidden=\"true\">\n\t\t\t\t\t<svg width=\"16\" height=\"16\" viewBox=\"0 0 16 16\" fill=\"none\" xmlns=\"http:\/\/www.w3.org\/2000\/svg\">\n\t\t\t\t\t\t<path d=\"M8.50015 11.6402H7.50015V10.6402H8.50015V11.6402Z\" \/>\n\t\t\t\t\t\t<path d=\"M7.50015 9.64018H8.50015V6.30684H7.50015V9.64018Z\" \/>\n\t\t\t\t\t\t<path fill-rule=\"evenodd\" clip-rule=\"evenodd\" d=\"M6.98331 3.0947C7.42933 2.30177 8.57096 2.30177 9.01698 3.09469L13.8771 11.7349C14.3145 12.5126 13.7525 13.4735 12.8602 13.4735H3.14004C2.24774 13.4735 1.68575 12.5126 2.12321 11.7349L6.98331 3.0947ZM8.14541 3.58496C8.08169 3.47168 7.9186 3.47168 7.85488 3.58496L2.99478 12.2251C2.93229 12.3362 3.01257 12.4735 3.14004 12.4735H12.8602C12.9877 12.4735 13.068 12.3362 13.0055 12.2251L8.14541 3.58496Z\" \/>\n\t\t\t\t\t<\/svg>\n\t\t\t\t<\/span>\n\t\t\t\t<span data-wp-text=\"state.errorMessage\" id=\"g7693-nachricht-textarea-error-message\"><\/span>\n\t\t\t<\/div>\n\t<\/div>\n\t<p class='contact-submit'>\n<div class=\"contact-form__error\" data-wp-class--show-errors=\"state.showFormErrors\"><span class=\"contact-form__warning-icon\" aria-hidden=\"true\"><i><\/i><\/span><span class=\"contact-form__error-message\" tabindex=\"-1\" data-wp-watch=\"callbacks.focusOnValidationError\" data-wp-text=\"state.getFormErrorMessage\"><\/span><ul aria-label=\"Form errors\">\n\t\t\t\t<template data-wp-each=\"state.getErrorList\" data-wp-key=\"context.item.id\">\n\t\t\t\t\t<li><a data-wp-bind--href=\"context.item.anchor\" data-wp-on--click=\"actions.scrollIntoView\" data-wp-text=\"context.item.label\"><\/a><\/li>\n\t\t\t\t<\/template>\n\t\t\t\t<\/ul><\/div><div class=\"contact-form__error\" data-wp-class--show-errors=\"state.showSubmissionError\" data-wp-text=\"context.submissionError\" tabindex=\"-1\" data-wp-watch=\"callbacks.focusOnSubmissionError\"><\/div>\t\t<button type='submit' class='pushbutton-wide'>Submit<\/button>\t\t<input type='hidden' name='contact-form-id' value='7693' \/>\n\t\t<input type='hidden' name='action' value='grunion-contact-form' \/>\n\t\t<input type='hidden' name='contact-form-hash' value='b82094d9e16979cef30a196f93094dd83537bd4f' \/>\n\t<\/p>\n<\/form>\n<\/div>\n","protected":false},"excerpt":{"rendered":"<p><strong>DUNE No. 03 \u2013 Abstraktes Acrylgem\u00e4lde auf Leinwand<\/strong><br \/>\n<strong>Edition: 2025<\/strong><\/p>\n<p><strong>Einleitung:<\/strong><\/p>\n<p>\u201eDUNE\u201c ist ein ausdrucksstarkes Acrylgem\u00e4lde, das mit Textur, Naturbezug und moderner Formensprache eine einzigartige Wandwirkung entfaltet. Mit einer Gr\u00f6\u00dfe von 130\u00d770 cm eignet sich dieses Werk hervorragend als Blickfang f\u00fcr gro\u00dfz\u00fcgige R\u00e4ume, Galerien oder stilvolle Wohnbereiche.<\/p>\n<p><strong>K\u00fcnstlerisches Konzept:<\/strong><\/p>\n<p><em>Inspiriert von den sanften Wellen und organischen Linien der D\u00fcnenlandschaften, kombiniert der K\u00fcnstler erdige Farbnuancen, strukturierte Oberfl\u00e4chen und subtile Licht-Schatten-Kontraste. Diese Komposition aus Naturbeobachtung und Materialkunst schafft ein zeitgen\u00f6ssisches Unikat, das zugleich beruhigt und fasziniert.<\/em><\/p>\n<p><em>\u201eDUNE\u201c bringt die Stille und St\u00e4rke der Natur in Ihre Innenr\u00e4ume \u2013 ein Kunstwerk mit Tiefe, Bewegung und meditativer Kraft.<\/em><\/p>\n<p><strong>Details:<\/strong><\/p>\n<ul>\n<li>Technik: Acryl, Texturpaste auf Leinwand, Schattenfugenrahmen aus Massivholz Birke<\/li>\n<li>Format: 130\u00d770\u202fcm<\/li>\n<li>Rahmung: Inklusive hochwertigem Holzrahmen, sofort aufh\u00e4ngbar<\/li>\n<li>Besonderheit: Vom K\u00fcnstler signiert, r\u00fcckseitige Aufh\u00e4ngung vorbereitet<\/li>\n<li>Lieferung: Kostenloser Versand innerhalb Deutschlands<\/li>\n<li>Verf\u00fcgbarkeit: Einzelst\u00fcck<\/li>\n<\/ul>\n<p><strong>Warum dieses Kunstwerk?<\/strong><\/p>\n<ul>\n<li>Ausdrucksstarke Natur-inspirierte Wandkunst<\/li>\n<li>Perfekt f\u00fcr moderne Wohnr\u00e4ume mit Erdt\u00f6nen &amp; organischer Gestaltung<\/li>\n<li>Gro\u00dfformatiger Eyecatcher \u2013 ideal \u00fcber Sofa, Sideboard oder Bett<\/li>\n<\/ul>\n<p>*Die Farben k\u00f6nnen etwas von der Realit\u00e4t abweichen, da jeder Bildschirm die Farben anders darstellt.<\/p>\n","protected":false},"featured_media":7723,"template":"","meta":[],"product_brand":[],"product_cat":[116],"product_tag":[],"class_list":{"0":"post-7693","1":"product","2":"type-product","3":"status-publish","4":"has-post-thumbnail","6":"product_cat-dune","8":"first","9":"instock","10":"sold-individually","11":"taxable","12":"shipping-taxable","13":"purchasable","14":"product-type-simple"},"jetpack_sharing_enabled":true,"_links":{"self":[{"href":"https:\/\/artgalerie-tc.com\/en\/wp-json\/wp\/v2\/product\/7693","targetHints":{"allow":["GET"]}}],"collection":[{"href":"https:\/\/artgalerie-tc.com\/en\/wp-json\/wp\/v2\/product"}],"about":[{"href":"https:\/\/artgalerie-tc.com\/en\/wp-json\/wp\/v2\/types\/product"}],"wp:featuredmedia":[{"embeddable":true,"href":"https:\/\/artgalerie-tc.com\/en\/wp-json\/wp\/v2\/media\/7723"}],"wp:attachment":[{"href":"https:\/\/artgalerie-tc.com\/en\/wp-json\/wp\/v2\/media?parent=7693"}],"wp:term":[{"taxonomy":"product_brand","embeddable":true,"href":"https:\/\/artgalerie-tc.com\/en\/wp-json\/wp\/v2\/product_brand?post=7693"},{"taxonomy":"product_cat","embeddable":true,"href":"https:\/\/artgalerie-tc.com\/en\/wp-json\/wp\/v2\/product_cat?post=7693"},{"taxonomy":"product_tag","embeddable":true,"href":"https:\/\/artgalerie-tc.com\/en\/wp-json\/wp\/v2\/product_tag?post=7693"}],"curies":[{"name":"wp","href":"https:\/\/api.w.org\/{rel}","templated":true}]}}