{"id":8119,"date":"2025-08-09T11:50:13","date_gmt":"2025-08-09T09:50:13","guid":{"rendered":"https:\/\/artgalerie-tc.com\/?post_type=product&#038;p=8119"},"modified":"2025-12-07T22:39:47","modified_gmt":"2025-12-07T21:39:47","slug":"golden-pharao-3","status":"publish","type":"product","link":"https:\/\/artgalerie-tc.com\/en\/product\/golden-pharao-3\/","title":{"rendered":"GOLDEN PHARAO"},"content":{"rendered":"","protected":false},"excerpt":{"rendered":"<p><strong>Titel: GOLDEN PHARAO no.3<\/strong><br \/>\nEdition: 2025<\/p>\n<p>Material: Acryl auf Leinwand, Holz<br \/>\nGr\u00f6\u00dfe: 120 x 80cm<br \/>\nsigniert auf der R\u00fcckseite<br \/>\nEin Rahmen ist im Angebot nicht integriert &#8211; Bei Interesse kann ein Schattenfugenrahmen bereitgestellt werden.<br \/>\n*Die Farben k\u00f6nnen etwas von der Realit\u00e4t abweichen, da jeder Bildschirm die Farben anders darstellt.<\/p>\n<p><strong>Details<\/strong><br \/>\nHochwertiges Gem\u00e4lde auf Leinwand.<br \/>\nProfessionell auf Holzrahmen aufgezogen.<br \/>\nMit direkter, r\u00fcckseitiger M\u00f6glichkeit zur Wandaufh\u00e4ngung.<br \/>\nLieferung ohne Befestigungsmaterial.<br \/>\nDieses Produkt ist ein Einzelst\u00fcck.<\/p>\n<p><strong>Zur Edition:<\/strong><\/p>\n<p><em>Was hat den K\u00fcnstler inspiriert?<\/em><br \/>\n<em>Der Pharao stand zwischen den Menschen und den G\u00f6ttern \u2013 Diese Edition soll Macht, Reichtum und Sch\u00f6nheit verk\u00f6rpern. Die Farbe Gold ist das zentrale Farbelement\u2026<\/em><\/p>\n","protected":false},"featured_media":8124,"template":"","meta":[],"product_brand":[],"product_cat":[15],"product_tag":[],"class_list":{"0":"post-8119","1":"product","2":"type-product","3":"status-publish","4":"has-post-thumbnail","6":"product_cat-weiterewerke","8":"first","9":"instock","10":"sold-individually","11":"taxable","12":"shipping-taxable","13":"purchasable","14":"product-type-simple"},"jetpack_sharing_enabled":true,"_links":{"self":[{"href":"https:\/\/artgalerie-tc.com\/en\/wp-json\/wp\/v2\/product\/8119","targetHints":{"allow":["GET"]}}],"collection":[{"href":"https:\/\/artgalerie-tc.com\/en\/wp-json\/wp\/v2\/product"}],"about":[{"href":"https:\/\/artgalerie-tc.com\/en\/wp-json\/wp\/v2\/types\/product"}],"wp:featuredmedia":[{"embeddable":true,"href":"https:\/\/artgalerie-tc.com\/en\/wp-json\/wp\/v2\/media\/8124"}],"wp:attachment":[{"href":"https:\/\/artgalerie-tc.com\/en\/wp-json\/wp\/v2\/media?parent=8119"}],"wp:term":[{"taxonomy":"product_brand","embeddable":true,"href":"https:\/\/artgalerie-tc.com\/en\/wp-json\/wp\/v2\/product_brand?post=8119"},{"taxonomy":"product_cat","embeddable":true,"href":"https:\/\/artgalerie-tc.com\/en\/wp-json\/wp\/v2\/product_cat?post=8119"},{"taxonomy":"product_tag","embeddable":true,"href":"https:\/\/artgalerie-tc.com\/en\/wp-json\/wp\/v2\/product_tag?post=8119"}],"curies":[{"name":"wp","href":"https:\/\/api.w.org\/{rel}","templated":true}]}}